{"id":9,"date":"2021-03-06T23:01:57","date_gmt":"2021-03-06T23:01:57","guid":{"rendered":"https:\/\/pirotecniabatalhense.com\/pb\/?page_id=9"},"modified":"2021-03-11T11:50:00","modified_gmt":"2021-03-11T11:50:00","slug":"elementor-9","status":"publish","type":"page","link":"https:\/\/pirotecniabatalhense.com\/pb\/en\/","title":{"rendered":"Home"},"content":{"rendered":"<div data-elementor-type=\"wp-page\" data-elementor-id=\"9\" class=\"elementor elementor-9\">\n\t\t\t\t\t\t<section class=\"elementor-section elementor-top-section elementor-element elementor-element-627c711d elementor-section-height-min-height elementor-section-content-middle elementor-section-full_width elementor-section-stretched elementor-section-height-default elementor-section-items-middle\" data-id=\"627c711d\" data-element_type=\"section\" data-settings=\"{&quot;background_background&quot;:&quot;video&quot;,&quot;background_video_link&quot;:&quot;https:\\\/\\\/youtu.be\\\/TvJUcLC2Las&quot;,&quot;stretch_section&quot;:&quot;section-stretched&quot;,&quot;background_play_once&quot;:&quot;yes&quot;,&quot;background_privacy_mode&quot;:&quot;yes&quot;}\">\n\t\t\t\t\t\t\t\t<div class=\"elementor-background-video-container elementor-hidden-mobile\">\n\t\t\t\t\t\t\t\t\t\t\t\t\t<div class=\"elementor-background-video-embed\"><\/div>\n\t\t\t\t\t\t\t\t\t\t\t\t<\/div>\n\t\t\t\t\t\t\t\t\t<div class=\"elementor-background-overlay\"><\/div>\n\t\t\t\t\t\t\t<div class=\"elementor-container elementor-column-gap-default\">\n\t\t\t\t\t<div class=\"elementor-column elementor-col-100 elementor-top-column elementor-element elementor-element-d30e3f9\" data-id=\"d30e3f9\" data-element_type=\"column\">\n\t\t\t<div class=\"elementor-widget-wrap elementor-element-populated\">\n\t\t\t\t\t\t<div class=\"elementor-element elementor-element-aa7cb77 elementor-widget elementor-widget-image\" data-id=\"aa7cb77\" data-element_type=\"widget\" data-widget_type=\"image.default\">\n\t\t\t\t<div class=\"elementor-widget-container\">\n\t\t\t\t\t\t\t\t\t\t\t\t\t\t\t<img fetchpriority=\"high\" decoding=\"async\" width=\"300\" height=\"293\" src=\"https:\/\/pirotecniabatalhense.com\/pb\/wp-content\/uploads\/2021\/03\/logo500x500.png\" class=\"attachment-medium size-medium wp-image-8\" alt=\"\" srcset=\"https:\/\/pirotecniabatalhense.com\/pb\/wp-content\/uploads\/2021\/03\/logo500x500-300x293.png 300w, https:\/\/pirotecniabatalhense.com\/pb\/wp-content\/uploads\/2021\/03\/logo500x500.png 480w\" sizes=\"(max-width: 300px) 100vw, 300px\" \/>\t\t\t\t\t\t\t\t\t\t\t\t\t\t\t<\/div>\n\t\t\t\t<\/div>\n\t\t\t\t\t<\/div>\n\t\t<\/div>\n\t\t\t\t\t<\/div>\n\t\t<\/section>\n\t\t\t\t<section class=\"elementor-section elementor-top-section elementor-element elementor-element-498859f elementor-section-boxed elementor-section-height-default elementor-section-height-default\" data-id=\"498859f\" data-element_type=\"section\">\n\t\t\t\t\t\t<div class=\"elementor-container elementor-column-gap-default\">\n\t\t\t\t\t<div class=\"elementor-column elementor-col-50 elementor-top-column elementor-element elementor-element-18922e8\" data-id=\"18922e8\" data-element_type=\"column\" data-settings=\"{&quot;background_background&quot;:&quot;classic&quot;}\">\n\t\t\t<div class=\"elementor-widget-wrap elementor-element-populated\">\n\t\t\t\t\t\t<div class=\"elementor-element elementor-element-fc7a5ae elementor-widget elementor-widget-heading\" data-id=\"fc7a5ae\" data-element_type=\"widget\" data-widget_type=\"heading.default\">\n\t\t\t\t<div class=\"elementor-widget-container\">\n\t\t\t\t\t<h2 class=\"elementor-heading-title elementor-size-default\">ABOUT US<\/h2>\t\t\t\t<\/div>\n\t\t\t\t<\/div>\n\t\t\t\t<div class=\"elementor-element elementor-element-ff6f585 elementor-widget elementor-widget-text-editor\" data-id=\"ff6f585\" data-element_type=\"widget\" data-widget_type=\"text-editor.default\">\n\t\t\t\t<div class=\"elementor-widget-container\">\n\t\t\t\t\t\t\t\t\t<p>Pirotecnia Batalhense, Lda. is located in\u00a0<strong>Casal do Relvas<\/strong>, a small village at about 3km from Batalha and it its specialized in the\u00a0<strong>traditional art of producing fireworks.<\/strong>\u00a0The company is located in Batalha (Leiria district).<\/p><p>The town of Batalha has been a place of great historical events, from the roman occupation to the decisive battles for independence, leaving an important cultural heritage. The victory of the battle of Aljubarrota on the 14th August 1385 led to the construction of Santa Maria da Vit\u00f3ria Monastery, an important cultural monument that gave birth to Batalha town. Batalha is located on the central coastal region of Portugal, in Leiria district. It stands near Leiria, Porto de M\u00f3s and Our\u00e9m.<br \/>The municipality is located in the Central Coastal Region of the country and belongs to the District of Leiria. It borders the Municipalities of Leiria, Porto de M\u00f3s and Our\u00e9m.<\/p><p>The region has numerous traces of human occupation from prehistoric times, as is the case of S\u00e3o Sebasti\u00e3o de Freixo, where the Roman settlement of Collipo (originally an\u00a0<em>\u00d3pido T\u00fardulo<\/em>) existed, considered one of the most important Portuguese-Roman cities in the west coast of the Hispanic Peninsula.<\/p>\t\t\t\t\t\t\t\t<\/div>\n\t\t\t\t<\/div>\n\t\t\t\t\t<\/div>\n\t\t<\/div>\n\t\t\t\t<div class=\"elementor-column elementor-col-50 elementor-top-column elementor-element elementor-element-9ce17b9\" data-id=\"9ce17b9\" data-element_type=\"column\" data-settings=\"{&quot;background_background&quot;:&quot;classic&quot;}\">\n\t\t\t<div class=\"elementor-widget-wrap elementor-element-populated\">\n\t\t\t\t\t\t<div class=\"elementor-element elementor-element-a76e640 elementor-widget elementor-widget-video\" data-id=\"a76e640\" data-element_type=\"widget\" data-settings=\"{&quot;youtube_url&quot;:&quot;https:\\\/\\\/www.youtube.com\\\/watch?v=JaispL_0ntA&amp;t=1s&quot;,&quot;video_type&quot;:&quot;youtube&quot;,&quot;controls&quot;:&quot;yes&quot;}\" data-widget_type=\"video.default\">\n\t\t\t\t<div class=\"elementor-widget-container\">\n\t\t\t\t\t\t\t<div class=\"elementor-wrapper elementor-open-inline\">\n\t\t\t<div class=\"elementor-video\"><\/div>\t\t<\/div>\n\t\t\t\t\t\t<\/div>\n\t\t\t\t<\/div>\n\t\t\t\t<div class=\"elementor-element elementor-element-09ba537 elementor-widget elementor-widget-text-editor\" data-id=\"09ba537\" data-element_type=\"widget\" data-widget_type=\"text-editor.default\">\n\t\t\t\t<div class=\"elementor-widget-container\">\n\t\t\t\t\t\t\t\t\t<p>Batalha includes four parishes whit significant differences concerning terrain and vegetation. It is a dynamic town with a very important historical, cultural and geographical relevance.<br \/>From the S\u00e3o Mamede plateau to the green fields \u2013 where the Lena river flows \u2013 many are the reasons to visit us a let yourself be enchanted by the unique local landscapes. <em>\u201cBatalha \u2013 land of history. Land of future\u201c.<\/em><\/p><p>Source:\u00a0<span style=\"text-decoration: underline;\"><span style=\"color: #ffffff;\"><a style=\"color: #ffffff; text-decoration: underline;\" href=\"http:\/\/www.cm-batalha.pt\/\" target=\"_blank\" rel=\"noopener\">www.cm-batalha.pt<\/a><\/span><\/span><\/p>\t\t\t\t\t\t\t\t<\/div>\n\t\t\t\t<\/div>\n\t\t\t\t\t<\/div>\n\t\t<\/div>\n\t\t\t\t\t<\/div>\n\t\t<\/section>\n\t\t\t\t<section class=\"elementor-section elementor-top-section elementor-element elementor-element-b6f5160 elementor-section-boxed elementor-section-height-default elementor-section-height-default\" data-id=\"b6f5160\" data-element_type=\"section\">\n\t\t\t\t\t\t<div class=\"elementor-container elementor-column-gap-default\">\n\t\t\t\t\t<div class=\"elementor-column elementor-col-50 elementor-top-column elementor-element elementor-element-4892e2f\" data-id=\"4892e2f\" data-element_type=\"column\">\n\t\t\t<div class=\"elementor-widget-wrap elementor-element-populated\">\n\t\t\t\t\t\t<div class=\"elementor-element elementor-element-7dfbab0 elementor-widget elementor-widget-heading\" data-id=\"7dfbab0\" data-element_type=\"widget\" data-widget_type=\"heading.default\">\n\t\t\t\t<div class=\"elementor-widget-container\">\n\t\t\t\t\t<h2 class=\"elementor-heading-title elementor-size-default\">ABOUT US<\/h2>\t\t\t\t<\/div>\n\t\t\t\t<\/div>\n\t\t\t\t<div class=\"elementor-element elementor-element-26bd5a2 elementor-widget elementor-widget-text-editor\" data-id=\"26bd5a2\" data-element_type=\"widget\" data-widget_type=\"text-editor.default\">\n\t\t\t\t<div class=\"elementor-widget-container\">\n\t\t\t\t\t\t\t\t\t<div class=\"wpb_column vc_column_container vc_col-sm-6\"><div class=\"vc_column-inner\"><div class=\"wpb_wrapper\"><div class=\"wpb_text_column wpb_content_element\"><div class=\"wpb_wrapper\"><p>\u201c<strong>F\u00e1brica de Fogos de Artif\u00edcio de Jos\u00e9 dos Santos Cardoso<\/strong>was founded in 1962 by Jos\u00e9 dos Santos Cardoso and Maria do Ros\u00e1rio Vit\u00f3ria Louro, a couple with 3 sons and 2 daughters. They had also fireworks producers parents and founded this company within the family.<\/p><p>Pirotecnia Batalhense, Lda.<strong>was created in 2003<\/strong>by their sons Agostinho Louro Cardoso, Fernando Jos\u00e9 Louro Cardoso and Jos\u00e9 Louro Cardoso.<\/p><p>This company has been passed from one generation to the next, always keeping up with innovation and good taste. Pirotecnia Batalhense has performed various colour, light and sound shows all over the country including the Madeira island. In 2003 we created a branch office in Madeira island where we have performed remarkable firework shows. In this branch office we produced and assembled fireworks until the end of 2014.\u00a0<strong>H\u00e1 37 anos implantados na Ilha da Madeira<\/strong>, local onde t\u00eam decorrido grandiosos espet\u00e1culos de Fogo-de-artif\u00edcio, foi criada em 2003, uma filial onde foi realizado o fabrico, a montagem e a distribui\u00e7\u00e3o do mesmo, at\u00e9 ao final de 2014.<\/p><\/div><\/div><\/div><\/div><\/div>\t\t\t\t\t\t\t\t<\/div>\n\t\t\t\t<\/div>\n\t\t\t\t\t<\/div>\n\t\t<\/div>\n\t\t\t\t<div class=\"elementor-column elementor-col-50 elementor-top-column elementor-element elementor-element-273e7cf\" data-id=\"273e7cf\" data-element_type=\"column\">\n\t\t\t<div class=\"elementor-widget-wrap elementor-element-populated\">\n\t\t\t\t\t\t<div class=\"elementor-element elementor-element-c87d2c9 elementor-widget elementor-widget-text-editor\" data-id=\"c87d2c9\" data-element_type=\"widget\" data-widget_type=\"text-editor.default\">\n\t\t\t\t<div class=\"elementor-widget-container\">\n\t\t\t\t\t\t\t\t\t<p>The experience gathered along these years and the new technologies that we keep introducing allow us to satisfy our clients demands and they are the most important admirers of our work. Thinking of them we constantly make an effort to evolve and acquire new technologies. Day after day we give our best to our clients.\n\nThe recognition of our work by the clients through many distinctions we have received gives us prestige and consequently market leadership which is becoming more competitive every day.<\/p><p><strong>The satisfaction of our clients<\/strong>is our main goal and that is why we keep doing our best for you.<\/p>\t\t\t\t\t\t\t\t<\/div>\n\t\t\t\t<\/div>\n\t\t\t\t\t<\/div>\n\t\t<\/div>\n\t\t\t\t\t<\/div>\n\t\t<\/section>\n\t\t\t\t<section class=\"elementor-section elementor-top-section elementor-element elementor-element-954e990 elementor-section-boxed elementor-section-height-default elementor-section-height-default\" data-id=\"954e990\" data-element_type=\"section\" data-settings=\"{&quot;background_background&quot;:&quot;classic&quot;}\">\n\t\t\t\t\t\t<div class=\"elementor-container elementor-column-gap-default\">\n\t\t\t\t\t<div class=\"elementor-column elementor-col-33 elementor-top-column elementor-element elementor-element-b42cd56\" data-id=\"b42cd56\" data-element_type=\"column\">\n\t\t\t<div class=\"elementor-widget-wrap elementor-element-populated\">\n\t\t\t\t\t\t<div class=\"elementor-element elementor-element-6cb2dbf elementor-widget elementor-widget-image\" data-id=\"6cb2dbf\" data-element_type=\"widget\" data-widget_type=\"image.default\">\n\t\t\t\t<div class=\"elementor-widget-container\">\n\t\t\t\t\t\t\t\t\t\t\t\t\t\t\t<img decoding=\"async\" width=\"170\" height=\"170\" src=\"https:\/\/pirotecniabatalhense.com\/pb\/wp-content\/uploads\/2021\/03\/pictograma_1-1-170x170-1.png\" class=\"attachment-large size-large wp-image-100\" alt=\"\" srcset=\"https:\/\/pirotecniabatalhense.com\/pb\/wp-content\/uploads\/2021\/03\/pictograma_1-1-170x170-1.png 170w, https:\/\/pirotecniabatalhense.com\/pb\/wp-content\/uploads\/2021\/03\/pictograma_1-1-170x170-1-150x150.png 150w\" sizes=\"(max-width: 170px) 100vw, 170px\" \/>\t\t\t\t\t\t\t\t\t\t\t\t\t\t\t<\/div>\n\t\t\t\t<\/div>\n\t\t\t\t\t<\/div>\n\t\t<\/div>\n\t\t\t\t<div class=\"elementor-column elementor-col-33 elementor-top-column elementor-element elementor-element-533aa8e\" data-id=\"533aa8e\" data-element_type=\"column\">\n\t\t\t<div class=\"elementor-widget-wrap elementor-element-populated\">\n\t\t\t\t\t\t<div class=\"elementor-element elementor-element-6e40ef8 elementor-widget elementor-widget-image\" data-id=\"6e40ef8\" data-element_type=\"widget\" data-widget_type=\"image.default\">\n\t\t\t\t<div class=\"elementor-widget-container\">\n\t\t\t\t\t\t\t\t\t\t\t\t\t\t\t<img decoding=\"async\" width=\"170\" height=\"170\" src=\"https:\/\/pirotecniabatalhense.com\/pb\/wp-content\/uploads\/2021\/03\/home2-170x170-1.png\" class=\"attachment-large size-large wp-image-98\" alt=\"\" srcset=\"https:\/\/pirotecniabatalhense.com\/pb\/wp-content\/uploads\/2021\/03\/home2-170x170-1.png 170w, https:\/\/pirotecniabatalhense.com\/pb\/wp-content\/uploads\/2021\/03\/home2-170x170-1-150x150.png 150w\" sizes=\"(max-width: 170px) 100vw, 170px\" \/>\t\t\t\t\t\t\t\t\t\t\t\t\t\t\t<\/div>\n\t\t\t\t<\/div>\n\t\t\t\t\t<\/div>\n\t\t<\/div>\n\t\t\t\t<div class=\"elementor-column elementor-col-33 elementor-top-column elementor-element elementor-element-c38b804\" data-id=\"c38b804\" data-element_type=\"column\">\n\t\t\t<div class=\"elementor-widget-wrap elementor-element-populated\">\n\t\t\t\t\t\t<div class=\"elementor-element elementor-element-3dfff67 elementor-widget elementor-widget-image\" data-id=\"3dfff67\" data-element_type=\"widget\" data-widget_type=\"image.default\">\n\t\t\t\t<div class=\"elementor-widget-container\">\n\t\t\t\t\t\t\t\t\t\t\t\t\t\t\t<img loading=\"lazy\" decoding=\"async\" width=\"170\" height=\"170\" src=\"https:\/\/pirotecniabatalhense.com\/pb\/wp-content\/uploads\/2021\/03\/home3-170x170-1.png\" class=\"attachment-large size-large wp-image-99\" alt=\"\" srcset=\"https:\/\/pirotecniabatalhense.com\/pb\/wp-content\/uploads\/2021\/03\/home3-170x170-1.png 170w, https:\/\/pirotecniabatalhense.com\/pb\/wp-content\/uploads\/2021\/03\/home3-170x170-1-150x150.png 150w\" sizes=\"(max-width: 170px) 100vw, 170px\" \/>\t\t\t\t\t\t\t\t\t\t\t\t\t\t\t<\/div>\n\t\t\t\t<\/div>\n\t\t\t\t\t<\/div>\n\t\t<\/div>\n\t\t\t\t\t<\/div>\n\t\t<\/section>\n\t\t\t\t<section class=\"elementor-section elementor-top-section elementor-element elementor-element-047c1e1 elementor-section-full_width elementor-section-height-default elementor-section-height-default\" data-id=\"047c1e1\" data-element_type=\"section\">\n\t\t\t\t\t\t<div class=\"elementor-container elementor-column-gap-default\">\n\t\t\t\t\t<div class=\"elementor-column elementor-col-100 elementor-top-column elementor-element elementor-element-566086a\" data-id=\"566086a\" data-element_type=\"column\">\n\t\t\t<div class=\"elementor-widget-wrap elementor-element-populated\">\n\t\t\t\t\t\t<div class=\"elementor-element elementor-element-272d995 elementor-widget elementor-widget-google_maps\" data-id=\"272d995\" data-element_type=\"widget\" data-widget_type=\"google_maps.default\">\n\t\t\t\t<div class=\"elementor-widget-container\">\n\t\t\t\t\t\t\t<div class=\"elementor-custom-embed\">\n\t\t\t<iframe loading=\"lazy\"\n\t\t\t\t\tsrc=\"https:\/\/maps.google.com\/maps?q=pirotecnia%20batalhense&#038;t=m&#038;z=12&#038;output=embed&#038;iwloc=near\"\n\t\t\t\t\ttitle=\"pirotecnia batalhense\"\n\t\t\t\t\taria-label=\"pirotecnia batalhense\"\n\t\t\t><\/iframe>\n\t\t<\/div>\n\t\t\t\t\t\t<\/div>\n\t\t\t\t<\/div>\n\t\t\t\t\t<\/div>\n\t\t<\/div>\n\t\t\t\t\t<\/div>\n\t\t<\/section>\n\t\t\t\t<\/div>","protected":false},"excerpt":{"rendered":"<p>QUEM SOMOS A Pirotecnia Batalhense, Lda., situa-se no Lugar de\u00a0Casal do Relvas, aldeia situada junto da vila da Batalha, a cerca de 3 km, e \u00e9 caracterizada pela\u00a0tradi\u00e7\u00e3o secular de Fabrica\u00e7\u00e3o de fogos de Artif\u00edcios.\u00a0Pertence ao Concelho e Freguesia da Batalha, Distrito de Leiria. A Batalha foi palco de grandes momentos hist\u00f3ricos, desde a presen\u00e7a [&hellip;]<\/p>\n","protected":false},"author":1,"featured_media":0,"parent":0,"menu_order":0,"comment_status":"closed","ping_status":"closed","template":"","meta":{"site-sidebar-layout":"no-sidebar","site-content-layout":"page-builder","ast-site-content-layout":"default","site-content-style":"default","site-sidebar-style":"default","ast-global-header-display":"","ast-banner-title-visibility":"","ast-main-header-display":"","ast-hfb-above-header-display":"","ast-hfb-below-header-display":"","ast-hfb-mobile-header-display":"","site-post-title":"disabled","ast-breadcrumbs-content":"","ast-featured-img":"disabled","footer-sml-layout":"","theme-transparent-header-meta":"default","adv-header-id-meta":"","stick-header-meta":"","header-above-stick-meta":"","header-main-stick-meta":"","header-below-stick-meta":"","astra-migrate-meta-layouts":"default","ast-page-background-enabled":"default","ast-page-background-meta":{"desktop":{"background-color":"","background-image":"","background-repeat":"repeat","background-position":"center center","background-size":"auto","background-attachment":"scroll","background-type":"","background-media":"","overlay-type":"","overlay-color":"","overlay-opacity":"","overlay-gradient":""},"tablet":{"background-color":"","background-image":"","background-repeat":"repeat","background-position":"center center","background-size":"auto","background-attachment":"scroll","background-type":"","background-media":"","overlay-type":"","overlay-color":"","overlay-opacity":"","overlay-gradient":""},"mobile":{"background-color":"","background-image":"","background-repeat":"repeat","background-position":"center center","background-size":"auto","background-attachment":"scroll","background-type":"","background-media":"","overlay-type":"","overlay-color":"","overlay-opacity":"","overlay-gradient":""}},"ast-content-background-meta":{"desktop":{"background-color":"var(--ast-global-color-5)","background-image":"","background-repeat":"repeat","background-position":"center center","background-size":"auto","background-attachment":"scroll","background-type":"","background-media":"","overlay-type":"","overlay-color":"","overlay-opacity":"","overlay-gradient":""},"tablet":{"background-color":"var(--ast-global-color-5)","background-image":"","background-repeat":"repeat","background-position":"center center","background-size":"auto","background-attachment":"scroll","background-type":"","background-media":"","overlay-type":"","overlay-color":"","overlay-opacity":"","overlay-gradient":""},"mobile":{"background-color":"var(--ast-global-color-5)","background-image":"","background-repeat":"repeat","background-position":"center center","background-size":"auto","background-attachment":"scroll","background-type":"","background-media":"","overlay-type":"","overlay-color":"","overlay-opacity":"","overlay-gradient":""}},"footnotes":""},"class_list":["post-9","page","type-page","status-publish","hentry"],"_links":{"self":[{"href":"https:\/\/pirotecniabatalhense.com\/pb\/en\/wp-json\/wp\/v2\/pages\/9","targetHints":{"allow":["GET"]}}],"collection":[{"href":"https:\/\/pirotecniabatalhense.com\/pb\/en\/wp-json\/wp\/v2\/pages"}],"about":[{"href":"https:\/\/pirotecniabatalhense.com\/pb\/en\/wp-json\/wp\/v2\/types\/page"}],"author":[{"embeddable":true,"href":"https:\/\/pirotecniabatalhense.com\/pb\/en\/wp-json\/wp\/v2\/users\/1"}],"replies":[{"embeddable":true,"href":"https:\/\/pirotecniabatalhense.com\/pb\/en\/wp-json\/wp\/v2\/comments?post=9"}],"version-history":[{"count":86,"href":"https:\/\/pirotecniabatalhense.com\/pb\/en\/wp-json\/wp\/v2\/pages\/9\/revisions"}],"predecessor-version":[{"id":640,"href":"https:\/\/pirotecniabatalhense.com\/pb\/en\/wp-json\/wp\/v2\/pages\/9\/revisions\/640"}],"wp:attachment":[{"href":"https:\/\/pirotecniabatalhense.com\/pb\/en\/wp-json\/wp\/v2\/media?parent=9"}],"curies":[{"name":"wp","href":"https:\/\/api.w.org\/{rel}","templated":true}]}}