{"id":360,"date":"2021-03-07T01:53:06","date_gmt":"2021-03-07T01:53:06","guid":{"rendered":"https:\/\/pirotecniabatalhense.com\/pb\/?page_id=360"},"modified":"2021-03-07T18:34:22","modified_gmt":"2021-03-07T18:34:22","slug":"eventos","status":"publish","type":"page","link":"https:\/\/pirotecniabatalhense.com\/pb\/eventos\/","title":{"rendered":"Eventos"},"content":{"rendered":"\t\t<div data-elementor-type=\"wp-page\" data-elementor-id=\"360\" class=\"elementor elementor-360\">\n\t\t\t\t\t\t<section class=\"elementor-section elementor-top-section elementor-element elementor-element-627c711d elementor-section-height-full elementor-section-content-middle elementor-section-stretched elementor-section-boxed elementor-section-height-default elementor-section-items-middle\" data-id=\"627c711d\" data-element_type=\"section\" data-settings=\"{&quot;background_background&quot;:&quot;classic&quot;,&quot;stretch_section&quot;:&quot;section-stretched&quot;}\">\n\t\t\t\t\t\t\t<div class=\"elementor-background-overlay\"><\/div>\n\t\t\t\t\t\t\t<div class=\"elementor-container elementor-column-gap-default\">\n\t\t\t\t\t<div class=\"elementor-column elementor-col-100 elementor-top-column elementor-element elementor-element-d30e3f9\" data-id=\"d30e3f9\" data-element_type=\"column\">\n\t\t\t<div class=\"elementor-widget-wrap elementor-element-populated\">\n\t\t\t\t\t\t<div class=\"elementor-element elementor-element-619cb07 elementor-invisible elementor-widget elementor-widget-heading\" data-id=\"619cb07\" data-element_type=\"widget\" data-settings=\"{&quot;_animation&quot;:&quot;fadeInDown&quot;}\" data-widget_type=\"heading.default\">\n\t\t\t\t<div class=\"elementor-widget-container\">\n\t\t\t\t\t<h3 class=\"elementor-heading-title elementor-size-default\">TRANSFORMAMOS O SEU EVENTO NUM VERDADEIRO ESPET\u00c1CULO \n\t<\/h3>\t\t\t\t<\/div>\n\t\t\t\t<\/div>\n\t\t\t\t\t<\/div>\n\t\t<\/div>\n\t\t\t\t\t<\/div>\n\t\t<\/section>\n\t\t\t\t<section class=\"elementor-section elementor-top-section elementor-element elementor-element-5a96bf0 elementor-section-boxed elementor-section-height-default elementor-section-height-default\" data-id=\"5a96bf0\" data-element_type=\"section\">\n\t\t\t\t\t\t<div class=\"elementor-container elementor-column-gap-default\">\n\t\t\t\t\t<div class=\"elementor-column elementor-col-50 elementor-top-column elementor-element elementor-element-b6f644e\" data-id=\"b6f644e\" data-element_type=\"column\">\n\t\t\t<div class=\"elementor-widget-wrap elementor-element-populated\">\n\t\t\t\t\t\t<div class=\"elementor-element elementor-element-9cf1d0d elementor-widget elementor-widget-image\" data-id=\"9cf1d0d\" data-element_type=\"widget\" data-widget_type=\"image.default\">\n\t\t\t\t<div class=\"elementor-widget-container\">\n\t\t\t\t\t\t\t\t\t\t\t\t\t\t\t<img decoding=\"async\" src=\"https:\/\/pirotecniabatalhense.com\/pb\/wp-content\/uploads\/elementor\/thumbs\/espetaculos-1-p3udhwkvp1nxrtq86otxgay3muadkvf5dd80ihkcv4.png\" title=\"espetaculos-1\" alt=\"espetaculos-1\" loading=\"lazy\" \/>\t\t\t\t\t\t\t\t\t\t\t\t\t\t\t<\/div>\n\t\t\t\t<\/div>\n\t\t\t\t\t<\/div>\n\t\t<\/div>\n\t\t\t\t<div class=\"elementor-column elementor-col-50 elementor-top-column elementor-element elementor-element-1c0455e\" data-id=\"1c0455e\" data-element_type=\"column\">\n\t\t\t<div class=\"elementor-widget-wrap elementor-element-populated\">\n\t\t\t\t\t\t<div class=\"elementor-element elementor-element-7dfbab0 elementor-widget elementor-widget-heading\" data-id=\"7dfbab0\" data-element_type=\"widget\" data-widget_type=\"heading.default\">\n\t\t\t\t<div class=\"elementor-widget-container\">\n\t\t\t\t\t<h1 class=\"elementor-heading-title elementor-size-default\">EVENTOS<\/h1>\t\t\t\t<\/div>\n\t\t\t\t<\/div>\n\t\t\t\t\t<\/div>\n\t\t<\/div>\n\t\t\t\t\t<\/div>\n\t\t<\/section>\n\t\t\t\t<section class=\"elementor-section elementor-top-section elementor-element elementor-element-b6f5160 elementor-section-boxed elementor-section-height-default elementor-section-height-default\" data-id=\"b6f5160\" data-element_type=\"section\">\n\t\t\t\t\t\t<div class=\"elementor-container elementor-column-gap-default\">\n\t\t\t\t\t<div class=\"elementor-column elementor-col-50 elementor-top-column elementor-element elementor-element-4892e2f\" data-id=\"4892e2f\" data-element_type=\"column\">\n\t\t\t<div class=\"elementor-widget-wrap elementor-element-populated\">\n\t\t\t\t\t\t<div class=\"elementor-element elementor-element-a02162e elementor-widget elementor-widget-image\" data-id=\"a02162e\" data-element_type=\"widget\" data-widget_type=\"image.default\">\n\t\t\t\t<div class=\"elementor-widget-container\">\n\t\t\t\t\t\t\t\t\t\t\t\t\t\t\t<img fetchpriority=\"high\" decoding=\"async\" width=\"500\" height=\"361\" src=\"https:\/\/pirotecniabatalhense.com\/pb\/wp-content\/uploads\/2021\/03\/grafico_img.png\" class=\"attachment-large size-large wp-image-304\" alt=\"\" srcset=\"https:\/\/pirotecniabatalhense.com\/pb\/wp-content\/uploads\/2021\/03\/grafico_img.png 500w, https:\/\/pirotecniabatalhense.com\/pb\/wp-content\/uploads\/2021\/03\/grafico_img-300x217.png 300w\" sizes=\"(max-width: 500px) 100vw, 500px\" \/>\t\t\t\t\t\t\t\t\t\t\t\t\t\t\t<\/div>\n\t\t\t\t<\/div>\n\t\t\t\t\t<\/div>\n\t\t<\/div>\n\t\t\t\t<div class=\"elementor-column elementor-col-50 elementor-top-column elementor-element elementor-element-273e7cf\" data-id=\"273e7cf\" data-element_type=\"column\">\n\t\t\t<div class=\"elementor-widget-wrap elementor-element-populated\">\n\t\t\t\t\t\t<div class=\"elementor-element elementor-element-2cb8575 elementor-widget elementor-widget-toggle\" data-id=\"2cb8575\" data-element_type=\"widget\" data-widget_type=\"toggle.default\">\n\t\t\t\t<div class=\"elementor-widget-container\">\n\t\t\t\t\t\t\t<div class=\"elementor-toggle\">\n\t\t\t\t\t\t\t<div class=\"elementor-toggle-item\">\n\t\t\t\t\t<div id=\"elementor-tab-title-4681\" class=\"elementor-tab-title\" data-tab=\"1\" role=\"button\" aria-controls=\"elementor-tab-content-4681\" aria-expanded=\"false\">\n\t\t\t\t\t\t\t\t\t\t\t\t<span class=\"elementor-toggle-icon elementor-toggle-icon-left\" aria-hidden=\"true\">\n\t\t\t\t\t\t\t\t\t\t\t\t\t\t\t<span class=\"elementor-toggle-icon-closed\"><i class=\"fas fa-caret-right\"><\/i><\/span>\n\t\t\t\t\t\t\t\t<span class=\"elementor-toggle-icon-opened\"><i class=\"elementor-toggle-icon-opened fas fa-caret-up\"><\/i><\/span>\n\t\t\t\t\t\t\t\t\t\t\t\t\t<\/span>\n\t\t\t\t\t\t\t\t\t\t\t\t<a class=\"elementor-toggle-title\" tabindex=\"0\">PRINCIPAIS EVENTOS<\/a>\n\t\t\t\t\t<\/div>\n\n\t\t\t\t\t<div id=\"elementor-tab-content-4681\" class=\"elementor-tab-content elementor-clearfix\" data-tab=\"1\" role=\"region\" aria-labelledby=\"elementor-tab-title-4681\"><ul><li>Festa de Amiais de Baixo 1992 e 2000<\/li><li>Espet\u00e1culo Piromusical na Inaugura\u00e7\u00e3o do Retail Park de Albufeira 2003<\/li><li>Espet\u00e1culo Piromusical na Inaugura\u00e7\u00e3o das Piscinas Naturais de Porto Moniz 2003<\/li><li>Espet\u00e1culo Piromusical no Encerramento de \u201cMadeira Regi\u00e3o Europeia 2004\u201d<\/li><li>1.\u00ba Festival Pirot\u00e9cnico da Batalha 2005 (Parceria com as empresas Pirot\u00e9cnicas do Concelho da Batalha)<\/li><li>XIV Festival de Folclore de S\u00e3o Martinho 2005 \u2013 Funchal<\/li><li>1.\u00ba Congresso Internacional de Pirotecnia 2006 \u2013 Lisboa (Parceria com empresas Associadas da APIPE)<\/li><li>Espet\u00e1culo Piromusical na Inaugura\u00e7\u00e3o do Complexo Desportivo do Clube Desportivo do Nacional da Madeira 2007<\/li><li>XV Festival de Folclore de S\u00e3o Martinho 2008 \u2013 Funchal<\/li><li>XVI Festival de Folclore de S\u00e3o Martinho 2009 \u2013 Funchal<\/li><li>Espet\u00e1culo Piromusical na Apresenta\u00e7\u00e3o da Equipa do Clube Desportivo do Nacional da Madeira para a \u00c9poca 2009\/2010<\/li><li>Espet\u00e1culo Piromusical nas Festas de Ver\u00e3o e do Peixe Espada Preto 2009, 2011 e 2013 \u2013 C\u00e2mara de Lobos<\/li><li>Espet\u00e1culo Piromusical nas Festas de S\u00e3o Jo\u00e3o do Concelho da Calheta em 2006, 2007, 2009, 2010, 2011, 2012, 2013 e 2014<\/li><\/ul><\/div>\n\t\t\t\t<\/div>\n\t\t\t\t\t\t\t<div class=\"elementor-toggle-item\">\n\t\t\t\t\t<div id=\"elementor-tab-title-4682\" class=\"elementor-tab-title\" data-tab=\"2\" role=\"button\" aria-controls=\"elementor-tab-content-4682\" aria-expanded=\"false\">\n\t\t\t\t\t\t\t\t\t\t\t\t<span class=\"elementor-toggle-icon elementor-toggle-icon-left\" aria-hidden=\"true\">\n\t\t\t\t\t\t\t\t\t\t\t\t\t\t\t<span class=\"elementor-toggle-icon-closed\"><i class=\"fas fa-caret-right\"><\/i><\/span>\n\t\t\t\t\t\t\t\t<span class=\"elementor-toggle-icon-opened\"><i class=\"elementor-toggle-icon-opened fas fa-caret-up\"><\/i><\/span>\n\t\t\t\t\t\t\t\t\t\t\t\t\t<\/span>\n\t\t\t\t\t\t\t\t\t\t\t\t<a class=\"elementor-toggle-title\" tabindex=\"0\">OUTROS EVENTOS<\/a>\n\t\t\t\t\t<\/div>\n\n\t\t\t\t\t<div id=\"elementor-tab-content-4682\" class=\"elementor-tab-content elementor-clearfix\" data-tab=\"2\" role=\"region\" aria-labelledby=\"elementor-tab-title-4682\"><ul><li>Arraias e Festas Populares<\/li><li>Comemora\u00e7\u00f5es do 25 de Abril<\/li><li>Comemora\u00e7\u00f5es da Passagem de Ano<\/li><li>Concertos<\/li><li>Festas de Casamento<\/li><li>Inaugura\u00e7\u00f5es<\/li><li>Apresenta\u00e7\u00f5es de Empresas<\/li><li>Festas Privadas<\/li><\/ul><\/div>\n\t\t\t\t<\/div>\n\t\t\t\t\t\t\t<div class=\"elementor-toggle-item\">\n\t\t\t\t\t<div id=\"elementor-tab-title-4683\" class=\"elementor-tab-title\" data-tab=\"3\" role=\"button\" aria-controls=\"elementor-tab-content-4683\" aria-expanded=\"false\">\n\t\t\t\t\t\t\t\t\t\t\t\t<span class=\"elementor-toggle-icon elementor-toggle-icon-left\" aria-hidden=\"true\">\n\t\t\t\t\t\t\t\t\t\t\t\t\t\t\t<span class=\"elementor-toggle-icon-closed\"><i class=\"fas fa-caret-right\"><\/i><\/span>\n\t\t\t\t\t\t\t\t<span class=\"elementor-toggle-icon-opened\"><i class=\"elementor-toggle-icon-opened fas fa-caret-up\"><\/i><\/span>\n\t\t\t\t\t\t\t\t\t\t\t\t\t<\/span>\n\t\t\t\t\t\t\t\t\t\t\t\t<a class=\"elementor-toggle-title\" tabindex=\"0\">M\u00c1QUINAS DE DISPARO<\/a>\n\t\t\t\t\t<\/div>\n\n\t\t\t\t\t<div id=\"elementor-tab-content-4683\" class=\"elementor-tab-content elementor-clearfix\" data-tab=\"3\" role=\"region\" aria-labelledby=\"elementor-tab-title-4683\"><ul><li>Pyroleda FRC 200 anal\u00f3gica<\/li><li>Pyroleda FBC 310 Digital<\/li><li>Sequenciadores Pyroledas FSQ 210 Digitais<\/li><li>10 M\u00e1quinhas de Controlo Remoto de 12 linhas<\/li><li>20 M\u00e1quinhas de Disparo Anal\u00f3gica<\/li><li>06 M\u00f3dulos FRT 110 \u2013 Via R\u00e1dio<\/li><li>01 Programa Showsim 3D \u2013 Simula\u00e7\u00e3o Real para todos o tipo de Espect\u00e1culos de Pirotecnia<\/li><\/ul><\/div>\n\t\t\t\t<\/div>\n\t\t\t\t\t\t\t\t<\/div>\n\t\t\t\t\t\t<\/div>\n\t\t\t\t<\/div>\n\t\t\t\t\t<\/div>\n\t\t<\/div>\n\t\t\t\t\t<\/div>\n\t\t<\/section>\n\t\t\t\t<section class=\"elementor-section elementor-top-section elementor-element elementor-element-954e990 elementor-section-boxed elementor-section-height-default elementor-section-height-default\" data-id=\"954e990\" data-element_type=\"section\" data-settings=\"{&quot;background_background&quot;:&quot;classic&quot;}\">\n\t\t\t\t\t\t<div class=\"elementor-container elementor-column-gap-default\">\n\t\t\t\t\t<div class=\"elementor-column elementor-col-33 elementor-top-column elementor-element elementor-element-b42cd56\" data-id=\"b42cd56\" data-element_type=\"column\">\n\t\t\t<div class=\"elementor-widget-wrap elementor-element-populated\">\n\t\t\t\t\t\t<div class=\"elementor-element elementor-element-6cb2dbf elementor-widget elementor-widget-image\" data-id=\"6cb2dbf\" data-element_type=\"widget\" data-widget_type=\"image.default\">\n\t\t\t\t<div class=\"elementor-widget-container\">\n\t\t\t\t\t\t\t\t\t\t\t\t\t\t\t<img decoding=\"async\" width=\"170\" height=\"170\" src=\"https:\/\/pirotecniabatalhense.com\/pb\/wp-content\/uploads\/2021\/03\/pictograma_1-1-170x170-1.png\" class=\"attachment-large size-large wp-image-100\" alt=\"\" srcset=\"https:\/\/pirotecniabatalhense.com\/pb\/wp-content\/uploads\/2021\/03\/pictograma_1-1-170x170-1.png 170w, https:\/\/pirotecniabatalhense.com\/pb\/wp-content\/uploads\/2021\/03\/pictograma_1-1-170x170-1-150x150.png 150w\" sizes=\"(max-width: 170px) 100vw, 170px\" \/>\t\t\t\t\t\t\t\t\t\t\t\t\t\t\t<\/div>\n\t\t\t\t<\/div>\n\t\t\t\t\t<\/div>\n\t\t<\/div>\n\t\t\t\t<div class=\"elementor-column elementor-col-33 elementor-top-column elementor-element elementor-element-533aa8e\" data-id=\"533aa8e\" data-element_type=\"column\">\n\t\t\t<div class=\"elementor-widget-wrap elementor-element-populated\">\n\t\t\t\t\t\t<div class=\"elementor-element elementor-element-6e40ef8 elementor-widget elementor-widget-image\" data-id=\"6e40ef8\" data-element_type=\"widget\" data-widget_type=\"image.default\">\n\t\t\t\t<div class=\"elementor-widget-container\">\n\t\t\t\t\t\t\t\t\t\t\t\t\t\t\t<img decoding=\"async\" width=\"170\" height=\"170\" src=\"https:\/\/pirotecniabatalhense.com\/pb\/wp-content\/uploads\/2021\/03\/home2-170x170-1.png\" class=\"attachment-large size-large wp-image-98\" alt=\"\" srcset=\"https:\/\/pirotecniabatalhense.com\/pb\/wp-content\/uploads\/2021\/03\/home2-170x170-1.png 170w, https:\/\/pirotecniabatalhense.com\/pb\/wp-content\/uploads\/2021\/03\/home2-170x170-1-150x150.png 150w\" sizes=\"(max-width: 170px) 100vw, 170px\" \/>\t\t\t\t\t\t\t\t\t\t\t\t\t\t\t<\/div>\n\t\t\t\t<\/div>\n\t\t\t\t\t<\/div>\n\t\t<\/div>\n\t\t\t\t<div class=\"elementor-column elementor-col-33 elementor-top-column elementor-element elementor-element-c38b804\" data-id=\"c38b804\" data-element_type=\"column\">\n\t\t\t<div class=\"elementor-widget-wrap elementor-element-populated\">\n\t\t\t\t\t\t<div class=\"elementor-element elementor-element-3dfff67 elementor-widget elementor-widget-image\" data-id=\"3dfff67\" data-element_type=\"widget\" data-widget_type=\"image.default\">\n\t\t\t\t<div class=\"elementor-widget-container\">\n\t\t\t\t\t\t\t\t\t\t\t\t\t\t\t<img loading=\"lazy\" decoding=\"async\" width=\"170\" height=\"170\" src=\"https:\/\/pirotecniabatalhense.com\/pb\/wp-content\/uploads\/2021\/03\/home3-170x170-1.png\" class=\"attachment-large size-large wp-image-99\" alt=\"\" srcset=\"https:\/\/pirotecniabatalhense.com\/pb\/wp-content\/uploads\/2021\/03\/home3-170x170-1.png 170w, https:\/\/pirotecniabatalhense.com\/pb\/wp-content\/uploads\/2021\/03\/home3-170x170-1-150x150.png 150w\" sizes=\"(max-width: 170px) 100vw, 170px\" \/>\t\t\t\t\t\t\t\t\t\t\t\t\t\t\t<\/div>\n\t\t\t\t<\/div>\n\t\t\t\t\t<\/div>\n\t\t<\/div>\n\t\t\t\t\t<\/div>\n\t\t<\/section>\n\t\t\t\t<\/div>\n\t\t","protected":false},"excerpt":{"rendered":"<p>TRANSFORMAMOS O SEU EVENTO NUM VERDADEIRO ESPET\u00c1CULO EVENTOS PRINCIPAIS EVENTOS Festa de Amiais de Baixo 1992 e 2000 Espet\u00e1culo Piromusical na Inaugura\u00e7\u00e3o do Retail Park de Albufeira 2003 Espet\u00e1culo Piromusical na Inaugura\u00e7\u00e3o das Piscinas Naturais de Porto Moniz 2003 Espet\u00e1culo Piromusical no Encerramento de \u201cMadeira Regi\u00e3o Europeia 2004\u201d 1.\u00ba Festival Pirot\u00e9cnico da Batalha 2005 (Parceria [&hellip;]<\/p>\n","protected":false},"author":1,"featured_media":0,"parent":0,"menu_order":0,"comment_status":"closed","ping_status":"closed","template":"","meta":{"site-sidebar-layout":"no-sidebar","site-content-layout":"page-builder","ast-site-content-layout":"default","site-content-style":"default","site-sidebar-style":"default","ast-global-header-display":"","ast-banner-title-visibility":"","ast-main-header-display":"","ast-hfb-above-header-display":"","ast-hfb-below-header-display":"","ast-hfb-mobile-header-display":"","site-post-title":"disabled","ast-breadcrumbs-content":"","ast-featured-img":"disabled","footer-sml-layout":"","theme-transparent-header-meta":"default","adv-header-id-meta":"","stick-header-meta":"","header-above-stick-meta":"","header-main-stick-meta":"","header-below-stick-meta":"","astra-migrate-meta-layouts":"default","ast-page-background-enabled":"default","ast-page-background-meta":{"desktop":{"background-color":"","background-image":"","background-repeat":"repeat","background-position":"center center","background-size":"auto","background-attachment":"scroll","background-type":"","background-media":"","overlay-type":"","overlay-color":"","overlay-opacity":"","overlay-gradient":""},"tablet":{"background-color":"","background-image":"","background-repeat":"repeat","background-position":"center center","background-size":"auto","background-attachment":"scroll","background-type":"","background-media":"","overlay-type":"","overlay-color":"","overlay-opacity":"","overlay-gradient":""},"mobile":{"background-color":"","background-image":"","background-repeat":"repeat","background-position":"center center","background-size":"auto","background-attachment":"scroll","background-type":"","background-media":"","overlay-type":"","overlay-color":"","overlay-opacity":"","overlay-gradient":""}},"ast-content-background-meta":{"desktop":{"background-color":"var(--ast-global-color-5)","background-image":"","background-repeat":"repeat","background-position":"center center","background-size":"auto","background-attachment":"scroll","background-type":"","background-media":"","overlay-type":"","overlay-color":"","overlay-opacity":"","overlay-gradient":""},"tablet":{"background-color":"var(--ast-global-color-5)","background-image":"","background-repeat":"repeat","background-position":"center center","background-size":"auto","background-attachment":"scroll","background-type":"","background-media":"","overlay-type":"","overlay-color":"","overlay-opacity":"","overlay-gradient":""},"mobile":{"background-color":"var(--ast-global-color-5)","background-image":"","background-repeat":"repeat","background-position":"center center","background-size":"auto","background-attachment":"scroll","background-type":"","background-media":"","overlay-type":"","overlay-color":"","overlay-opacity":"","overlay-gradient":""}},"footnotes":""},"class_list":["post-360","page","type-page","status-publish","hentry"],"_links":{"self":[{"href":"https:\/\/pirotecniabatalhense.com\/pb\/wp-json\/wp\/v2\/pages\/360","targetHints":{"allow":["GET"]}}],"collection":[{"href":"https:\/\/pirotecniabatalhense.com\/pb\/wp-json\/wp\/v2\/pages"}],"about":[{"href":"https:\/\/pirotecniabatalhense.com\/pb\/wp-json\/wp\/v2\/types\/page"}],"author":[{"embeddable":true,"href":"https:\/\/pirotecniabatalhense.com\/pb\/wp-json\/wp\/v2\/users\/1"}],"replies":[{"embeddable":true,"href":"https:\/\/pirotecniabatalhense.com\/pb\/wp-json\/wp\/v2\/comments?post=360"}],"version-history":[{"count":28,"href":"https:\/\/pirotecniabatalhense.com\/pb\/wp-json\/wp\/v2\/pages\/360\/revisions"}],"predecessor-version":[{"id":390,"href":"https:\/\/pirotecniabatalhense.com\/pb\/wp-json\/wp\/v2\/pages\/360\/revisions\/390"}],"wp:attachment":[{"href":"https:\/\/pirotecniabatalhense.com\/pb\/wp-json\/wp\/v2\/media?parent=360"}],"curies":[{"name":"wp","href":"https:\/\/api.w.org\/{rel}","templated":true}]}}